{"id":54,"date":"2023-11-13T18:36:23","date_gmt":"2023-11-13T17:36:23","guid":{"rendered":"https:\/\/guidehpad.com\/?page_id=54"},"modified":"2026-02-17T10:40:13","modified_gmt":"2026-02-17T09:40:13","slug":"les-besoins","status":"publish","type":"page","link":"https:\/\/guidehpad.com\/index.php\/guidehpad\/les-besoins\/","title":{"rendered":"les besoins"},"content":{"rendered":"\t\t<div data-elementor-type=\"wp-page\" data-elementor-id=\"54\" class=\"elementor elementor-54\">\n\t\t\t\t<div class=\"elementor-element elementor-element-3969929 e-flex e-con-boxed wpr-particle-no wpr-jarallax-no wpr-parallax-no wpr-sticky-section-no e-con e-parent\" data-id=\"3969929\" data-element_type=\"container\" data-e-type=\"container\">\n\t\t\t\t\t<div class=\"e-con-inner\">\n\t\t\t\t<div class=\"elementor-element elementor-element-4a0ad46 elementor-widget elementor-widget-heading\" data-id=\"4a0ad46\" data-element_type=\"widget\" data-e-type=\"widget\" data-widget_type=\"heading.default\">\n\t\t\t\t<div class=\"elementor-widget-container\">\n\t\t\t\t\t<h1 class=\"elementor-heading-title elementor-size-default\">les besoins<\/h1>\t\t\t\t<\/div>\n\t\t\t\t<\/div>\n\t\t\t\t<div class=\"elementor-element elementor-element-8fdaa92 elementor-widget elementor-widget-image\" data-id=\"8fdaa92\" data-element_type=\"widget\" data-e-type=\"widget\" data-widget_type=\"image.default\">\n\t\t\t\t<div class=\"elementor-widget-container\">\n\t\t\t\t\t\t\t\t\t\t\t\t\t\t\t<img fetchpriority=\"high\" decoding=\"async\" width=\"1024\" height=\"263\" src=\"https:\/\/guidehpad.com\/wp-content\/uploads\/2024\/01\/leurs-besoins-mmm-1024x263.jpeg\" class=\"attachment-large size-large wp-image-255\" alt=\"leurs besoins\" srcset=\"https:\/\/guidehpad.com\/wp-content\/uploads\/2024\/01\/leurs-besoins-mmm-1024x263.jpeg 1024w, https:\/\/guidehpad.com\/wp-content\/uploads\/2024\/01\/leurs-besoins-mmm-300x77.jpeg 300w, https:\/\/guidehpad.com\/wp-content\/uploads\/2024\/01\/leurs-besoins-mmm-768x197.jpeg 768w, https:\/\/guidehpad.com\/wp-content\/uploads\/2024\/01\/leurs-besoins-mmm-1536x395.jpeg 1536w, https:\/\/guidehpad.com\/wp-content\/uploads\/2024\/01\/leurs-besoins-mmm-2048x526.jpeg 2048w\" sizes=\"(max-width: 1024px) 100vw, 1024px\" \/>\t\t\t\t\t\t\t\t\t\t\t\t\t\t\t<\/div>\n\t\t\t\t<\/div>\n\t\t\t\t<div class=\"elementor-element elementor-element-bbc8d71 elementor-widget elementor-widget-text-editor\" data-id=\"bbc8d71\" data-element_type=\"widget\" data-e-type=\"widget\" data-widget_type=\"text-editor.default\">\n\t\t\t\t<div class=\"elementor-widget-container\">\n\t\t\t\t\t\t\t\t\t<p><strong>Le format vid\u00e9o r\u00e9pond aux besoins des \u00e9quipes.<\/strong><br \/><strong>Accessible partout, le tutoriel compl\u00e8te, voire remplace, les documents papier pour <\/strong><strong>expliquer simplement avec l\u2019image et le son.<\/strong><\/p>\t\t\t\t\t\t\t\t<\/div>\n\t\t\t\t<\/div>\n\t\t\t\t\t<\/div>\n\t\t\t\t<\/div>\n\t\t<div class=\"elementor-element elementor-element-d5566d8 e-flex e-con-boxed wpr-particle-no wpr-jarallax-no wpr-parallax-no wpr-sticky-section-no e-con e-parent\" data-id=\"d5566d8\" data-element_type=\"container\" data-e-type=\"container\">\n\t\t\t\t\t<div class=\"e-con-inner\">\n\t\t<div class=\"elementor-element elementor-element-b86ab58 e-con-full e-flex wpr-particle-no wpr-jarallax-no wpr-parallax-no wpr-sticky-section-no e-con e-child\" data-id=\"b86ab58\" data-element_type=\"container\" data-e-type=\"container\">\n\t\t\t\t<div class=\"elementor-element elementor-element-9374dd2 elementor-widget elementor-widget-heading\" data-id=\"9374dd2\" data-element_type=\"widget\" data-e-type=\"widget\" data-widget_type=\"heading.default\">\n\t\t\t\t<div class=\"elementor-widget-container\">\n\t\t\t\t\t<h2 class=\"elementor-heading-title elementor-size-default\">SIMPLICITE D\u2019UTILISATION<\/h2>\t\t\t\t<\/div>\n\t\t\t\t<\/div>\n\t\t\t\t<div class=\"elementor-element elementor-element-b0e7806 elementor-widget elementor-widget-text-editor\" data-id=\"b0e7806\" data-element_type=\"widget\" data-e-type=\"widget\" data-widget_type=\"text-editor.default\">\n\t\t\t\t<div class=\"elementor-widget-container\">\n\t\t\t\t\t\t\t\t\t<p>Entre un mode d\u2019emploi papier ou un tutoriel de quelques minutes, le choix est vite fait.<\/p><p><strong>Le tutoriel est adapt\u00e9 au monde d\u2019aujourd\u2019hui. Scanner le QRcode avec l\u2019appareil photo de son t\u00e9l\u00e9phone donne acc\u00e8s au tutoriel.<\/strong><\/p>\t\t\t\t\t\t\t\t<\/div>\n\t\t\t\t<\/div>\n\t\t\t\t<\/div>\n\t\t<div class=\"elementor-element elementor-element-16f7646 e-con-full e-flex wpr-particle-no wpr-jarallax-no wpr-parallax-no wpr-sticky-section-no e-con e-child\" data-id=\"16f7646\" data-element_type=\"container\" data-e-type=\"container\">\n\t\t\t\t<div class=\"elementor-element elementor-element-45f3e92 elementor-widget elementor-widget-heading\" data-id=\"45f3e92\" data-element_type=\"widget\" data-e-type=\"widget\" data-widget_type=\"heading.default\">\n\t\t\t\t<div class=\"elementor-widget-container\">\n\t\t\t\t\t<h2 class=\"elementor-heading-title elementor-size-default\">ACCESSIBILITE PERMANENTE<\/h2>\t\t\t\t<\/div>\n\t\t\t\t<\/div>\n\t\t\t\t<div class=\"elementor-element elementor-element-08170f2 elementor-widget elementor-widget-text-editor\" data-id=\"08170f2\" data-element_type=\"widget\" data-e-type=\"widget\" data-widget_type=\"text-editor.default\">\n\t\t\t\t<div class=\"elementor-widget-container\">\n\t\t\t\t\t\t\t\t\t<p>L\u2019information transmise sur un panneau d\u2019affichage, rang\u00e9e dans un classeur, sur un serveur ou dans un e-mail est d\u2019un acc\u00e8s limit\u00e9.<\/p><p><strong>Consultable en streaming sur un smartphone, l\u2019information est toujours disponible dans la poche.<\/strong><\/p>\t\t\t\t\t\t\t\t<\/div>\n\t\t\t\t<\/div>\n\t\t\t\t<\/div>\n\t\t\t\t\t<\/div>\n\t\t\t\t<\/div>\n\t\t<div class=\"elementor-element elementor-element-581f17e e-flex e-con-boxed wpr-particle-no wpr-jarallax-no wpr-parallax-no wpr-sticky-section-no e-con e-parent\" data-id=\"581f17e\" data-element_type=\"container\" data-e-type=\"container\">\n\t\t\t\t\t<div class=\"e-con-inner\">\n\t\t<div class=\"elementor-element elementor-element-aa60d7c e-con-full e-flex wpr-particle-no wpr-jarallax-no wpr-parallax-no wpr-sticky-section-no e-con e-child\" data-id=\"aa60d7c\" data-element_type=\"container\" data-e-type=\"container\">\n\t\t\t\t<div class=\"elementor-element elementor-element-c3e284c elementor-widget elementor-widget-heading\" data-id=\"c3e284c\" data-element_type=\"widget\" data-e-type=\"widget\" data-widget_type=\"heading.default\">\n\t\t\t\t<div class=\"elementor-widget-container\">\n\t\t\t\t\t<h2 class=\"elementor-heading-title elementor-size-default\">DISPONIBILITE 24H\/24<\/h2>\t\t\t\t<\/div>\n\t\t\t\t<\/div>\n\t\t\t\t<div class=\"elementor-element elementor-element-843df6b elementor-widget elementor-widget-text-editor\" data-id=\"843df6b\" data-element_type=\"widget\" data-e-type=\"widget\" data-widget_type=\"text-editor.default\">\n\t\t\t\t<div class=\"elementor-widget-container\">\n\t\t\t\t\t\t\t\t\t<p>Diffuser, transmettre, acc\u00e9der \u00e0 l\u2019information n\u2019est pas toujours mat\u00e9riellement ais\u00e9.<\/p><p><strong>Utilisant un support d\u00e9mat\u00e9rialis\u00e9, le tutoriel est disponible 24H\/24, m\u00eame lorsqu\u2019on a \u00e9t\u00e9 absent le jour de la formation.<\/strong><\/p>\t\t\t\t\t\t\t\t<\/div>\n\t\t\t\t<\/div>\n\t\t\t\t<\/div>\n\t\t<div class=\"elementor-element elementor-element-4ed88af e-con-full e-flex wpr-particle-no wpr-jarallax-no wpr-parallax-no wpr-sticky-section-no e-con e-child\" data-id=\"4ed88af\" data-element_type=\"container\" data-e-type=\"container\">\n\t\t\t\t<div class=\"elementor-element elementor-element-39d4342 elementor-widget elementor-widget-heading\" data-id=\"39d4342\" data-element_type=\"widget\" data-e-type=\"widget\" data-widget_type=\"heading.default\">\n\t\t\t\t<div class=\"elementor-widget-container\">\n\t\t\t\t\t<h2 class=\"elementor-heading-title elementor-size-default\">FONCTIONNALITE<\/h2>\t\t\t\t<\/div>\n\t\t\t\t<\/div>\n\t\t\t\t<div class=\"elementor-element elementor-element-7657ca3 elementor-widget elementor-widget-text-editor\" data-id=\"7657ca3\" data-element_type=\"widget\" data-e-type=\"widget\" data-widget_type=\"text-editor.default\">\n\t\t\t\t<div class=\"elementor-widget-container\">\n\t\t\t\t\t\t\t\t\t<p>Souvent invisible, l&rsquo;illettrisme est pourtant une r\u00e9alit\u00e9. 61\u00a0% des personnes qui ont \u00e9t\u00e9 scolaris\u00e9es hors de France dans une autre langue que le fran\u00e7ais ont des difficult\u00e9s face \u00e0 l\u2019\u00e9crit. (INSEE).<\/p><p><strong>En plus de s\u2019affranchir du probl\u00e8me de lecture, le tutoriel permet de visionner le sujet trait\u00e9 et de faciliter sa compr\u00e9hension.<\/strong><\/p>\t\t\t\t\t\t\t\t<\/div>\n\t\t\t\t<\/div>\n\t\t\t\t<\/div>\n\t\t\t\t\t<\/div>\n\t\t\t\t<\/div>\n\t\t<div class=\"elementor-element elementor-element-4d5fec4 e-flex e-con-boxed wpr-particle-no wpr-jarallax-no wpr-parallax-no wpr-sticky-section-no e-con e-parent\" data-id=\"4d5fec4\" data-element_type=\"container\" data-e-type=\"container\">\n\t\t\t\t\t<div class=\"e-con-inner\">\n\t\t<div class=\"elementor-element elementor-element-d8a16a1 e-con-full e-flex wpr-particle-no wpr-jarallax-no wpr-parallax-no wpr-sticky-section-no e-con e-child\" data-id=\"d8a16a1\" data-element_type=\"container\" data-e-type=\"container\">\n\t\t\t\t<div class=\"elementor-element elementor-element-9cc5ca2 elementor-widget elementor-widget-heading\" data-id=\"9cc5ca2\" data-element_type=\"widget\" data-e-type=\"widget\" data-widget_type=\"heading.default\">\n\t\t\t\t<div class=\"elementor-widget-container\">\n\t\t\t\t\t<h2 class=\"elementor-heading-title elementor-size-default\">MEMORISER PLUS D\u2019INFORMATIONS<\/h2>\t\t\t\t<\/div>\n\t\t\t\t<\/div>\n\t\t\t\t<div class=\"elementor-element elementor-element-7d3d43c elementor-widget elementor-widget-text-editor\" data-id=\"7d3d43c\" data-element_type=\"widget\" data-e-type=\"widget\" data-widget_type=\"text-editor.default\">\n\t\t\t\t<div class=\"elementor-widget-container\">\n\t\t\t\t\t\t\t\t\t<p>Regarder un film permet de retenir 5 fois plus d\u2019informations que la lecture d\u2019un document.<\/p><p><strong>La m\u00e9morisation d\u2019un protocole, d\u2019une proc\u00e9dure ou d\u2019un mode d\u2019emploi est plus efficace par visionnage d\u2019un tutoriel que par la lecture du document associ\u00e9.<\/strong><\/p>\t\t\t\t\t\t\t\t<\/div>\n\t\t\t\t<\/div>\n\t\t\t\t<\/div>\n\t\t<div class=\"elementor-element elementor-element-dc371d7 e-con-full e-flex wpr-particle-no wpr-jarallax-no wpr-parallax-no wpr-sticky-section-no e-con e-child\" data-id=\"dc371d7\" data-element_type=\"container\" data-e-type=\"container\">\n\t\t\t\t<div class=\"elementor-element elementor-element-9de4232 elementor-widget elementor-widget-video\" data-id=\"9de4232\" data-element_type=\"widget\" data-e-type=\"widget\" data-settings=\"{&quot;video_type&quot;:&quot;hosted&quot;,&quot;autoplay&quot;:&quot;yes&quot;,&quot;play_on_mobile&quot;:&quot;yes&quot;,&quot;mute&quot;:&quot;yes&quot;,&quot;loop&quot;:&quot;yes&quot;}\" data-widget_type=\"video.default\">\n\t\t\t\t<div class=\"elementor-widget-container\">\n\t\t\t\t\t\t\t<div class=\"e-hosted-video elementor-wrapper elementor-open-inline\">\n\t\t\t\t\t<video class=\"elementor-video\" src=\"https:\/\/guidehpad.com\/wp-content\/uploads\/2024\/02\/chargement-SD-480p.mov\" autoplay=\"\" loop=\"\" muted=\"muted\" playsinline=\"\" controlsList=\"nodownload\"><\/video>\n\t\t\t\t<\/div>\n\t\t\t\t\t\t<\/div>\n\t\t\t\t<\/div>\n\t\t\t\t<\/div>\n\t\t\t\t\t<\/div>\n\t\t\t\t<\/div>\n\t\t<div class=\"elementor-element elementor-element-5b73a1d e-grid e-con-boxed wpr-particle-no wpr-jarallax-no wpr-parallax-no wpr-sticky-section-no e-con e-parent\" data-id=\"5b73a1d\" data-element_type=\"container\" data-e-type=\"container\">\n\t\t\t\t\t<div class=\"e-con-inner\">\n\t\t\t\t<div class=\"elementor-element elementor-element-da0c179 elementor-widget elementor-widget-image\" data-id=\"da0c179\" data-element_type=\"widget\" data-e-type=\"widget\" data-widget_type=\"image.default\">\n\t\t\t\t<div class=\"elementor-widget-container\">\n\t\t\t\t\t\t\t\t\t\t\t\t<figure class=\"wp-caption\">\n\t\t\t\t\t\t\t\t\t\t<img decoding=\"async\" width=\"150\" height=\"150\" src=\"https:\/\/guidehpad.com\/wp-content\/uploads\/2024\/09\/scan-150x150.png\" class=\"attachment-thumbnail size-thumbnail wp-image-665\" alt=\"scan\" \/>\t\t\t\t\t\t\t\t\t\t\t<figcaption class=\"widget-image-caption wp-caption-text\">scanner le QR code<\/figcaption>\n\t\t\t\t\t\t\t\t\t\t<\/figure>\n\t\t\t\t\t\t\t\t\t<\/div>\n\t\t\t\t<\/div>\n\t\t\t\t<div class=\"elementor-element elementor-element-149fea7 elementor-widget elementor-widget-image\" data-id=\"149fea7\" data-element_type=\"widget\" data-e-type=\"widget\" data-widget_type=\"image.default\">\n\t\t\t\t<div class=\"elementor-widget-container\">\n\t\t\t\t\t\t\t\t\t\t\t\t<figure class=\"wp-caption\">\n\t\t\t\t\t\t\t\t\t\t<img decoding=\"async\" width=\"150\" height=\"150\" src=\"https:\/\/guidehpad.com\/wp-content\/uploads\/2026\/02\/qr-code-18-150x150.png\" class=\"attachment-thumbnail size-thumbnail wp-image-704\" alt=\"Saisir le QRCode\" srcset=\"https:\/\/guidehpad.com\/wp-content\/uploads\/2026\/02\/qr-code-18-150x150.png 150w, https:\/\/guidehpad.com\/wp-content\/uploads\/2026\/02\/qr-code-18-300x300.png 300w, https:\/\/guidehpad.com\/wp-content\/uploads\/2026\/02\/qr-code-18-1024x1024.png 1024w, https:\/\/guidehpad.com\/wp-content\/uploads\/2026\/02\/qr-code-18-768x768.png 768w, https:\/\/guidehpad.com\/wp-content\/uploads\/2026\/02\/qr-code-18-600x600.png 600w, https:\/\/guidehpad.com\/wp-content\/uploads\/2026\/02\/qr-code-18.png 1147w\" sizes=\"(max-width: 150px) 100vw, 150px\" \/>\t\t\t\t\t\t\t\t\t\t\t<figcaption class=\"widget-image-caption wp-caption-text\">Recharge du DECT<\/figcaption>\n\t\t\t\t\t\t\t\t\t\t<\/figure>\n\t\t\t\t\t\t\t\t\t<\/div>\n\t\t\t\t<\/div>\n\t\t\t\t<div class=\"elementor-element elementor-element-7c75592 elementor-widget elementor-widget-image\" data-id=\"7c75592\" data-element_type=\"widget\" data-e-type=\"widget\" data-widget_type=\"image.default\">\n\t\t\t\t<div class=\"elementor-widget-container\">\n\t\t\t\t\t\t\t\t\t\t\t\t<figure class=\"wp-caption\">\n\t\t\t\t\t\t\t\t\t\t<img loading=\"lazy\" decoding=\"async\" width=\"150\" height=\"150\" src=\"https:\/\/guidehpad.com\/wp-content\/uploads\/2026\/02\/qr-code-17-150x150.png\" class=\"attachment-thumbnail size-thumbnail wp-image-691\" alt=\"\" srcset=\"https:\/\/guidehpad.com\/wp-content\/uploads\/2026\/02\/qr-code-17-150x150.png 150w, https:\/\/guidehpad.com\/wp-content\/uploads\/2026\/02\/qr-code-17-300x300.png 300w, https:\/\/guidehpad.com\/wp-content\/uploads\/2026\/02\/qr-code-17-1024x1024.png 1024w, https:\/\/guidehpad.com\/wp-content\/uploads\/2026\/02\/qr-code-17-768x768.png 768w, https:\/\/guidehpad.com\/wp-content\/uploads\/2026\/02\/qr-code-17-600x600.png 600w, https:\/\/guidehpad.com\/wp-content\/uploads\/2026\/02\/qr-code-17.png 1147w\" sizes=\"(max-width: 150px) 100vw, 150px\" \/>\t\t\t\t\t\t\t\t\t\t\t<figcaption class=\"widget-image-caption wp-caption-text\">GUIDEHPAD<\/figcaption>\n\t\t\t\t\t\t\t\t\t\t<\/figure>\n\t\t\t\t\t\t\t\t\t<\/div>\n\t\t\t\t<\/div>\n\t\t\t\t\t<\/div>\n\t\t\t\t<\/div>\n\t\t\t\t<\/div>\n\t\t","protected":false},"excerpt":{"rendered":"<p>les besoins Le format vid\u00e9o r\u00e9pond aux besoins des \u00e9quipes.Accessible partout, le tutoriel compl\u00e8te, voire remplace, les documents papier pour expliquer simplement avec l\u2019image et le son. SIMPLICITE D\u2019UTILISATION Entre un mode d\u2019emploi papier ou un tutoriel de quelques minutes, le choix est vite fait. Le tutoriel est adapt\u00e9 au monde d\u2019aujourd\u2019hui. Scanner le QRcode avec l\u2019appareil photo de son t\u00e9l\u00e9phone donne acc\u00e8s au tutoriel. ACCESSIBILITE PERMANENTE L\u2019information transmise sur un panneau d\u2019affichage, rang\u00e9e dans un classeur, sur un serveur ou dans un e-mail est d\u2019un acc\u00e8s limit\u00e9. Consultable en streaming sur un smartphone, l\u2019information est toujours disponible dans la poche. DISPONIBILITE 24H\/24 Diffuser, transmettre, acc\u00e9der \u00e0 l\u2019information n\u2019est pas toujours mat\u00e9riellement ais\u00e9. Utilisant un support d\u00e9mat\u00e9rialis\u00e9, le tutoriel est disponible 24H\/24, m\u00eame lorsqu\u2019on a \u00e9t\u00e9 absent le jour de la formation. FONCTIONNALITE Souvent invisible, l&rsquo;illettrisme est pourtant une r\u00e9alit\u00e9. 61\u00a0% des personnes qui ont \u00e9t\u00e9 scolaris\u00e9es hors de France dans une autre langue que le fran\u00e7ais ont des difficult\u00e9s face \u00e0 l\u2019\u00e9crit. (INSEE). En plus de s\u2019affranchir du probl\u00e8me de lecture, le tutoriel permet de visionner le sujet trait\u00e9 et de faciliter sa compr\u00e9hension. MEMORISER PLUS D\u2019INFORMATIONS Regarder un film permet de retenir 5 fois plus d\u2019informations que la lecture d\u2019un document. La m\u00e9morisation d\u2019un protocole, d\u2019une proc\u00e9dure ou d\u2019un mode d\u2019emploi est plus efficace par visionnage d\u2019un tutoriel que par la lecture du document associ\u00e9. https:\/\/guidehpad.com\/wp-content\/uploads\/2024\/02\/chargement-SD-480p.mov scanner le QR code Recharge du DECT GUIDEHPAD<\/p>\n","protected":false},"author":2,"featured_media":0,"parent":7,"menu_order":0,"comment_status":"closed","ping_status":"closed","template":"","meta":{"ocean_post_layout":"","ocean_both_sidebars_style":"","ocean_both_sidebars_content_width":0,"ocean_both_sidebars_sidebars_width":0,"ocean_sidebar":"","ocean_second_sidebar":"","ocean_disable_margins":"enable","ocean_add_body_class":"","ocean_shortcode_before_top_bar":"","ocean_shortcode_after_top_bar":"","ocean_shortcode_before_header":"","ocean_shortcode_after_header":"","ocean_has_shortcode":"","ocean_shortcode_after_title":"","ocean_shortcode_before_footer_widgets":"","ocean_shortcode_after_footer_widgets":"","ocean_shortcode_before_footer_bottom":"","ocean_shortcode_after_footer_bottom":"","ocean_display_top_bar":"default","ocean_display_header":"default","ocean_header_style":"","ocean_center_header_left_menu":"","ocean_custom_header_template":"","ocean_custom_logo":0,"ocean_custom_retina_logo":0,"ocean_custom_logo_max_width":0,"ocean_custom_logo_tablet_max_width":0,"ocean_custom_logo_mobile_max_width":0,"ocean_custom_logo_max_height":0,"ocean_custom_logo_tablet_max_height":0,"ocean_custom_logo_mobile_max_height":0,"ocean_header_custom_menu":"","ocean_menu_typo_font_family":"","ocean_menu_typo_font_subset":"","ocean_menu_typo_font_size":0,"ocean_menu_typo_font_size_tablet":0,"ocean_menu_typo_font_size_mobile":0,"ocean_menu_typo_font_size_unit":"px","ocean_menu_typo_font_weight":"","ocean_menu_typo_font_weight_tablet":"","ocean_menu_typo_font_weight_mobile":"","ocean_menu_typo_transform":"","ocean_menu_typo_transform_tablet":"","ocean_menu_typo_transform_mobile":"","ocean_menu_typo_line_height":0,"ocean_menu_typo_line_height_tablet":0,"ocean_menu_typo_line_height_mobile":0,"ocean_menu_typo_line_height_unit":"","ocean_menu_typo_spacing":0,"ocean_menu_typo_spacing_tablet":0,"ocean_menu_typo_spacing_mobile":0,"ocean_menu_typo_spacing_unit":"","ocean_menu_link_color":"","ocean_menu_link_color_hover":"","ocean_menu_link_color_active":"","ocean_menu_link_background":"","ocean_menu_link_hover_background":"","ocean_menu_link_active_background":"","ocean_menu_social_links_bg":"","ocean_menu_social_hover_links_bg":"","ocean_menu_social_links_color":"","ocean_menu_social_hover_links_color":"","ocean_disable_title":"default","ocean_disable_heading":"default","ocean_post_title":"","ocean_post_subheading":"","ocean_post_title_style":"","ocean_post_title_background_color":"","ocean_post_title_background":0,"ocean_post_title_bg_image_position":"","ocean_post_title_bg_image_attachment":"","ocean_post_title_bg_image_repeat":"","ocean_post_title_bg_image_size":"","ocean_post_title_height":0,"ocean_post_title_bg_overlay":0.5,"ocean_post_title_bg_overlay_color":"","ocean_disable_breadcrumbs":"default","ocean_breadcrumbs_color":"","ocean_breadcrumbs_separator_color":"","ocean_breadcrumbs_links_color":"","ocean_breadcrumbs_links_hover_color":"","ocean_display_footer_widgets":"default","ocean_display_footer_bottom":"default","ocean_custom_footer_template":"","footnotes":""},"class_list":["post-54","page","type-page","status-publish","hentry","entry"],"_links":{"self":[{"href":"https:\/\/guidehpad.com\/index.php\/wp-json\/wp\/v2\/pages\/54","targetHints":{"allow":["GET"]}}],"collection":[{"href":"https:\/\/guidehpad.com\/index.php\/wp-json\/wp\/v2\/pages"}],"about":[{"href":"https:\/\/guidehpad.com\/index.php\/wp-json\/wp\/v2\/types\/page"}],"author":[{"embeddable":true,"href":"https:\/\/guidehpad.com\/index.php\/wp-json\/wp\/v2\/users\/2"}],"replies":[{"embeddable":true,"href":"https:\/\/guidehpad.com\/index.php\/wp-json\/wp\/v2\/comments?post=54"}],"version-history":[{"count":169,"href":"https:\/\/guidehpad.com\/index.php\/wp-json\/wp\/v2\/pages\/54\/revisions"}],"predecessor-version":[{"id":707,"href":"https:\/\/guidehpad.com\/index.php\/wp-json\/wp\/v2\/pages\/54\/revisions\/707"}],"up":[{"embeddable":true,"href":"https:\/\/guidehpad.com\/index.php\/wp-json\/wp\/v2\/pages\/7"}],"wp:attachment":[{"href":"https:\/\/guidehpad.com\/index.php\/wp-json\/wp\/v2\/media?parent=54"}],"curies":[{"name":"wp","href":"https:\/\/api.w.org\/{rel}","templated":true}]}}