{"id":57,"date":"2023-11-13T18:37:36","date_gmt":"2023-11-13T17:37:36","guid":{"rendered":"https:\/\/guidehpad.com\/?page_id=57"},"modified":"2024-09-18T11:56:00","modified_gmt":"2024-09-18T09:56:00","slug":"les-enjeux","status":"publish","type":"page","link":"https:\/\/guidehpad.com\/index.php\/guidehpad\/les-enjeux\/","title":{"rendered":"les enjeux"},"content":{"rendered":"\t\t<div data-elementor-type=\"wp-page\" data-elementor-id=\"57\" class=\"elementor elementor-57\">\n\t\t\t\t<div class=\"elementor-element elementor-element-6811497 e-flex e-con-boxed wpr-particle-no wpr-jarallax-no wpr-parallax-no wpr-sticky-section-no e-con e-parent\" data-id=\"6811497\" data-element_type=\"container\" data-e-type=\"container\" data-settings=\"{&quot;background_background&quot;:&quot;classic&quot;}\">\n\t\t\t\t\t<div class=\"e-con-inner\">\n\t\t\t\t<div class=\"elementor-element elementor-element-875554b elementor-widget elementor-widget-heading\" data-id=\"875554b\" data-element_type=\"widget\" data-e-type=\"widget\" data-widget_type=\"heading.default\">\n\t\t\t\t<div class=\"elementor-widget-container\">\n\t\t\t\t\t<h1 class=\"elementor-heading-title elementor-size-default\">Les enjeux<\/h1>\t\t\t\t<\/div>\n\t\t\t\t<\/div>\n\t\t\t\t<div class=\"elementor-element elementor-element-66508e6 elementor-widget elementor-widget-image\" data-id=\"66508e6\" data-element_type=\"widget\" data-e-type=\"widget\" data-widget_type=\"image.default\">\n\t\t\t\t<div class=\"elementor-widget-container\">\n\t\t\t\t\t\t\t\t\t\t\t\t\t\t\t<img fetchpriority=\"high\" decoding=\"async\" width=\"1024\" height=\"277\" src=\"https:\/\/guidehpad.com\/wp-content\/uploads\/2024\/02\/bandeau-une-methode-1024x277.jpeg\" class=\"attachment-large size-large wp-image-525\" alt=\"bandeau m\u00e9thode\" srcset=\"https:\/\/guidehpad.com\/wp-content\/uploads\/2024\/02\/bandeau-une-methode-1024x277.jpeg 1024w, https:\/\/guidehpad.com\/wp-content\/uploads\/2024\/02\/bandeau-une-methode-300x81.jpeg 300w, https:\/\/guidehpad.com\/wp-content\/uploads\/2024\/02\/bandeau-une-methode-768x208.jpeg 768w, https:\/\/guidehpad.com\/wp-content\/uploads\/2024\/02\/bandeau-une-methode-1536x416.jpeg 1536w, https:\/\/guidehpad.com\/wp-content\/uploads\/2024\/02\/bandeau-une-methode-2048x554.jpeg 2048w\" sizes=\"(max-width: 1024px) 100vw, 1024px\" \/>\t\t\t\t\t\t\t\t\t\t\t\t\t\t\t<\/div>\n\t\t\t\t<\/div>\n\t\t\t\t\t<\/div>\n\t\t\t\t<\/div>\n\t\t<div class=\"elementor-element elementor-element-39ef823 e-flex e-con-boxed wpr-particle-no wpr-jarallax-no wpr-parallax-no wpr-sticky-section-no e-con e-parent\" data-id=\"39ef823\" data-element_type=\"container\" data-e-type=\"container\">\n\t\t\t\t\t<div class=\"e-con-inner\">\n\t\t<div class=\"elementor-element elementor-element-b3369ab e-con-full e-flex wpr-particle-no wpr-jarallax-no wpr-parallax-no wpr-sticky-section-no e-con e-child\" data-id=\"b3369ab\" data-element_type=\"container\" data-e-type=\"container\">\n\t\t\t\t<div class=\"elementor-element elementor-element-3913a87 elementor-widget elementor-widget-heading\" data-id=\"3913a87\" data-element_type=\"widget\" data-e-type=\"widget\" data-widget_type=\"heading.default\">\n\t\t\t\t<div class=\"elementor-widget-container\">\n\t\t\t\t\t<h2 class=\"elementor-heading-title elementor-size-default\">GAGNER du temps<\/h2>\t\t\t\t<\/div>\n\t\t\t\t<\/div>\n\t\t\t\t<div class=\"elementor-element elementor-element-c55076f elementor-widget elementor-widget-text-editor\" data-id=\"c55076f\" data-element_type=\"widget\" data-e-type=\"widget\" data-widget_type=\"text-editor.default\">\n\t\t\t\t<div class=\"elementor-widget-container\">\n\t\t\t\t\t\t\t\t\t<p>Les impr\u00e9vus du quotidien limitent consid\u00e9rablement le temps disponible, augmentent le stress au travail et la surcharge de travail.<br \/><strong>D\u00e9l\u00e9guer aux tutoriels le temps qu\u2019il vous manque pour transmettre des informations lib\u00e8re du temps et contribue au bien-\u00eatre au travail de tous.<\/strong><\/p>\t\t\t\t\t\t\t\t<\/div>\n\t\t\t\t<\/div>\n\t\t\t\t<\/div>\n\t\t<div class=\"elementor-element elementor-element-54ed438 e-con-full e-flex wpr-particle-no wpr-jarallax-no wpr-parallax-no wpr-sticky-section-no e-con e-child\" data-id=\"54ed438\" data-element_type=\"container\" data-e-type=\"container\">\n\t\t\t\t<div class=\"elementor-element elementor-element-9ebe633 elementor-widget elementor-widget-heading\" data-id=\"9ebe633\" data-element_type=\"widget\" data-e-type=\"widget\" data-widget_type=\"heading.default\">\n\t\t\t\t<div class=\"elementor-widget-container\">\n\t\t\t\t\t<h2 class=\"elementor-heading-title elementor-size-default\">ACCUEILLIR les nouveaux salari\u00e9s<\/h2>\t\t\t\t<\/div>\n\t\t\t\t<\/div>\n\t\t\t\t<div class=\"elementor-element elementor-element-f929e14 elementor-widget elementor-widget-text-editor\" data-id=\"f929e14\" data-element_type=\"widget\" data-e-type=\"widget\" data-widget_type=\"text-editor.default\">\n\t\t\t\t<div class=\"elementor-widget-container\">\n\t\t\t\t\t\t\t\t\t<p>A son arriv\u00e9e, un CDD, un int\u00e9rim, un stagiaire, ou un nouveau salari\u00e9 a besoin d\u2019explications. <br \/><strong>Le tutoriel lui permettra de maitriser en quelques minutes les points cl\u00e9s, d\u2019\u00eatre efficient et autonome rapidement.<\/strong><\/p>\t\t\t\t\t\t\t\t<\/div>\n\t\t\t\t<\/div>\n\t\t\t\t<\/div>\n\t\t\t\t\t<\/div>\n\t\t\t\t<\/div>\n\t\t<div class=\"elementor-element elementor-element-08dc1a4 e-flex e-con-boxed wpr-particle-no wpr-jarallax-no wpr-parallax-no wpr-sticky-section-no e-con e-parent\" data-id=\"08dc1a4\" data-element_type=\"container\" data-e-type=\"container\">\n\t\t\t\t\t<div class=\"e-con-inner\">\n\t\t<div class=\"elementor-element elementor-element-3a3c14b e-con-full e-flex wpr-particle-no wpr-jarallax-no wpr-parallax-no wpr-sticky-section-no e-con e-child\" data-id=\"3a3c14b\" data-element_type=\"container\" data-e-type=\"container\">\n\t\t\t\t<div class=\"elementor-element elementor-element-4b57348 elementor-widget elementor-widget-heading\" data-id=\"4b57348\" data-element_type=\"widget\" data-e-type=\"widget\" data-widget_type=\"heading.default\">\n\t\t\t\t<div class=\"elementor-widget-container\">\n\t\t\t\t\t<h2 class=\"elementor-heading-title elementor-size-default\">VALORISER les \u00e9quipes<\/h2>\t\t\t\t<\/div>\n\t\t\t\t<\/div>\n\t\t\t\t<div class=\"elementor-element elementor-element-fe676f3 elementor-widget elementor-widget-text-editor\" data-id=\"fe676f3\" data-element_type=\"widget\" data-e-type=\"widget\" data-widget_type=\"text-editor.default\">\n\t\t\t\t<div class=\"elementor-widget-container\">\n\t\t\t\t\t\t\t\t\t<p>Associer les \u00e9quipes lors du tournage d\u2019un film en EHPAD, permet la reconnaissance de leur savoir-faire.<br \/><strong>La r\u00e9alisation d\u2019un tutoriel avec le concours des \u00e9quipes cr\u00e9e une dynamique positive au service de leur motivation et de leur fid\u00e9lisation.<\/strong><\/p>\t\t\t\t\t\t\t\t<\/div>\n\t\t\t\t<\/div>\n\t\t\t\t<\/div>\n\t\t<div class=\"elementor-element elementor-element-4072f6e e-con-full e-flex wpr-particle-no wpr-jarallax-no wpr-parallax-no wpr-sticky-section-no e-con e-child\" data-id=\"4072f6e\" data-element_type=\"container\" data-e-type=\"container\">\n\t\t\t\t<div class=\"elementor-element elementor-element-b1bbe8e elementor-widget elementor-widget-heading\" data-id=\"b1bbe8e\" data-element_type=\"widget\" data-e-type=\"widget\" data-widget_type=\"heading.default\">\n\t\t\t\t<div class=\"elementor-widget-container\">\n\t\t\t\t\t<h2 class=\"elementor-heading-title elementor-size-default\">PREVENIR les risques<\/h2>\t\t\t\t<\/div>\n\t\t\t\t<\/div>\n\t\t\t\t<div class=\"elementor-element elementor-element-f5328a7 elementor-widget elementor-widget-text-editor\" data-id=\"f5328a7\" data-element_type=\"widget\" data-e-type=\"widget\" data-widget_type=\"text-editor.default\">\n\t\t\t\t<div class=\"elementor-widget-container\">\n\t\t\t\t\t\t\t\t\t<p>La pr\u00e9vention des risques est une obligation couvrant de nombreux domaines.<br \/><strong>Le tutoriel illustre les bons gestes et facilite la diffusion d\u2019informations importantes contribuant \u00e0 la pr\u00e9vention des accidents et de l\u2019absent\u00e9isme.<\/strong><\/p>\t\t\t\t\t\t\t\t<\/div>\n\t\t\t\t<\/div>\n\t\t\t\t<\/div>\n\t\t\t\t\t<\/div>\n\t\t\t\t<\/div>\n\t\t<div class=\"elementor-element elementor-element-aa00487 e-flex e-con-boxed wpr-particle-no wpr-jarallax-no wpr-parallax-no wpr-sticky-section-no e-con e-parent\" data-id=\"aa00487\" data-element_type=\"container\" data-e-type=\"container\">\n\t\t\t\t\t<div class=\"e-con-inner\">\n\t\t<div class=\"elementor-element elementor-element-c7b535c e-con-full e-flex wpr-particle-no wpr-jarallax-no wpr-parallax-no wpr-sticky-section-no e-con e-child\" data-id=\"c7b535c\" data-element_type=\"container\" data-e-type=\"container\">\n\t\t\t\t<div class=\"elementor-element elementor-element-0104e01 elementor-widget elementor-widget-heading\" data-id=\"0104e01\" data-element_type=\"widget\" data-e-type=\"widget\" data-widget_type=\"heading.default\">\n\t\t\t\t<div class=\"elementor-widget-container\">\n\t\t\t\t\t<h2 class=\"elementor-heading-title elementor-size-default\">EXPLIQUER le fonctionnement du mat\u00e9riel<\/h2>\t\t\t\t<\/div>\n\t\t\t\t<\/div>\n\t\t\t\t<div class=\"elementor-element elementor-element-ce22f45 elementor-widget elementor-widget-text-editor\" data-id=\"ce22f45\" data-element_type=\"widget\" data-e-type=\"widget\" data-widget_type=\"text-editor.default\">\n\t\t\t\t<div class=\"elementor-widget-container\">\n\t\t\t\t\t\t\t\t\t<p>Maitriser le fonctionnement et le bon usage des \u00e9quipements de soins, de transfert et de domotiques n\u2019est pas inn\u00e9.<br \/><strong>Le tutoriel constitue un mode d\u2019emploi personnalis\u00e9 avec le son et l\u2019image pour am\u00e9liorer leur bonne utilisation.<\/strong><\/p>\t\t\t\t\t\t\t\t<\/div>\n\t\t\t\t<\/div>\n\t\t\t\t<\/div>\n\t\t<div class=\"elementor-element elementor-element-e01b98e e-con-full e-flex wpr-particle-no wpr-jarallax-no wpr-parallax-no wpr-sticky-section-no e-con e-child\" data-id=\"e01b98e\" data-element_type=\"container\" data-e-type=\"container\">\n\t\t\t\t<div class=\"elementor-element elementor-element-f61f358 elementor-widget elementor-widget-heading\" data-id=\"f61f358\" data-element_type=\"widget\" data-e-type=\"widget\" data-widget_type=\"heading.default\">\n\t\t\t\t<div class=\"elementor-widget-container\">\n\t\t\t\t\t<h2 class=\"elementor-heading-title elementor-size-default\">AMELIORER la qualit\u00e9 des prestations<\/h2>\t\t\t\t<\/div>\n\t\t\t\t<\/div>\n\t\t\t\t<div class=\"elementor-element elementor-element-5936f1a elementor-widget elementor-widget-text-editor\" data-id=\"5936f1a\" data-element_type=\"widget\" data-e-type=\"widget\" data-widget_type=\"text-editor.default\">\n\t\t\t\t<div class=\"elementor-widget-container\">\n\t\t\t\t\t\t\t\t\t<p>La connaissance des RBPP, des protocoles et des proc\u00e9dures sont un pr\u00e9alable \u00e0 leur mise en \u0153uvre.<br \/><strong>Accessible depuis son smartphone, un tutoriel est plus fonctionnel que des \u00e9crits rang\u00e9s dans un classeur.<\/strong><\/p>\t\t\t\t\t\t\t\t<\/div>\n\t\t\t\t<\/div>\n\t\t\t\t<\/div>\n\t\t\t\t\t<\/div>\n\t\t\t\t<\/div>\n\t\t<div class=\"elementor-element elementor-element-02b711b e-flex e-con-boxed wpr-particle-no wpr-jarallax-no wpr-parallax-no wpr-sticky-section-no e-con e-parent\" data-id=\"02b711b\" data-element_type=\"container\" data-e-type=\"container\">\n\t\t\t\t\t<div class=\"e-con-inner\">\n\t\t<div class=\"elementor-element elementor-element-50c6a60 e-con-full e-flex wpr-particle-no wpr-jarallax-no wpr-parallax-no wpr-sticky-section-no e-con e-child\" data-id=\"50c6a60\" data-element_type=\"container\" data-e-type=\"container\">\n\t\t\t\t<div class=\"elementor-element elementor-element-2d2e388 elementor-widget elementor-widget-heading\" data-id=\"2d2e388\" data-element_type=\"widget\" data-e-type=\"widget\" data-widget_type=\"heading.default\">\n\t\t\t\t<div class=\"elementor-widget-container\">\n\t\t\t\t\t<h2 class=\"elementor-heading-title elementor-size-default\">COMMUNIQUER avec les usagers<\/h2>\t\t\t\t<\/div>\n\t\t\t\t<\/div>\n\t\t\t\t<div class=\"elementor-element elementor-element-5f5552c elementor-widget elementor-widget-text-editor\" data-id=\"5f5552c\" data-element_type=\"widget\" data-e-type=\"widget\" data-widget_type=\"text-editor.default\">\n\t\t\t\t<div class=\"elementor-widget-container\">\n\t\t\t\t\t\t\t\t\t<p>Renforcer la place et le r\u00f4le des familles et des proches, les associer \u00e0 la vie des structures, n\u00e9cessite des moyens de communication diversifi\u00e9s et adapt\u00e9s.\u00a0 <br \/><strong>Le tutoriel est un outil d\u2019information additionnel au service de la diffusion et la r\u00e9alisation des objectifs fix\u00e9s.<\/strong><\/p>\t\t\t\t\t\t\t\t<\/div>\n\t\t\t\t<\/div>\n\t\t\t\t<\/div>\n\t\t<div class=\"elementor-element elementor-element-8e86f8f e-con-full e-flex wpr-particle-no wpr-jarallax-no wpr-parallax-no wpr-sticky-section-no e-con e-child\" data-id=\"8e86f8f\" data-element_type=\"container\" data-e-type=\"container\">\n\t\t\t\t<\/div>\n\t\t\t\t\t<\/div>\n\t\t\t\t<\/div>\n\t\t\t\t<\/div>\n\t\t","protected":false},"excerpt":{"rendered":"<p>Les enjeux GAGNER du temps Les impr\u00e9vus du quotidien limitent consid\u00e9rablement le temps disponible, augmentent le stress au travail et la surcharge de travail.D\u00e9l\u00e9guer aux tutoriels le temps qu\u2019il vous manque pour transmettre des informations lib\u00e8re du temps et contribue au bien-\u00eatre au travail de tous. ACCUEILLIR les nouveaux salari\u00e9s A son arriv\u00e9e, un CDD, un int\u00e9rim, un stagiaire, ou un nouveau salari\u00e9 a besoin d\u2019explications. Le tutoriel lui permettra de maitriser en quelques minutes les points cl\u00e9s, d\u2019\u00eatre efficient et autonome rapidement. VALORISER les \u00e9quipes Associer les \u00e9quipes lors du tournage d\u2019un film en EHPAD, permet la reconnaissance de leur savoir-faire.La r\u00e9alisation d\u2019un tutoriel avec le concours des \u00e9quipes cr\u00e9e une dynamique positive au service de leur motivation et de leur fid\u00e9lisation. PREVENIR les risques La pr\u00e9vention des risques est une obligation couvrant de nombreux domaines.Le tutoriel illustre les bons gestes et facilite la diffusion d\u2019informations importantes contribuant \u00e0 la pr\u00e9vention des accidents et de l\u2019absent\u00e9isme. EXPLIQUER le fonctionnement du mat\u00e9riel Maitriser le fonctionnement et le bon usage des \u00e9quipements de soins, de transfert et de domotiques n\u2019est pas inn\u00e9.Le tutoriel constitue un mode d\u2019emploi personnalis\u00e9 avec le son et l\u2019image pour am\u00e9liorer leur bonne utilisation. AMELIORER la qualit\u00e9 des prestations La connaissance des RBPP, des protocoles et des proc\u00e9dures sont un pr\u00e9alable \u00e0 leur mise en \u0153uvre.Accessible depuis son smartphone, un tutoriel est plus fonctionnel que des \u00e9crits rang\u00e9s dans un classeur. COMMUNIQUER avec les usagers Renforcer la place et le r\u00f4le des familles et des proches, les associer \u00e0 la vie des structures, n\u00e9cessite des moyens de communication diversifi\u00e9s et adapt\u00e9s.\u00a0 Le tutoriel est un outil d\u2019information additionnel au service de la diffusion et la r\u00e9alisation des objectifs fix\u00e9s.<\/p>\n","protected":false},"author":2,"featured_media":0,"parent":7,"menu_order":0,"comment_status":"closed","ping_status":"closed","template":"","meta":{"ocean_post_layout":"","ocean_both_sidebars_style":"","ocean_both_sidebars_content_width":0,"ocean_both_sidebars_sidebars_width":0,"ocean_sidebar":"","ocean_second_sidebar":"","ocean_disable_margins":"enable","ocean_add_body_class":"","ocean_shortcode_before_top_bar":"","ocean_shortcode_after_top_bar":"","ocean_shortcode_before_header":"","ocean_shortcode_after_header":"","ocean_has_shortcode":"","ocean_shortcode_after_title":"","ocean_shortcode_before_footer_widgets":"","ocean_shortcode_after_footer_widgets":"","ocean_shortcode_before_footer_bottom":"","ocean_shortcode_after_footer_bottom":"","ocean_display_top_bar":"default","ocean_display_header":"default","ocean_header_style":"","ocean_center_header_left_menu":"","ocean_custom_header_template":"","ocean_custom_logo":0,"ocean_custom_retina_logo":0,"ocean_custom_logo_max_width":0,"ocean_custom_logo_tablet_max_width":0,"ocean_custom_logo_mobile_max_width":0,"ocean_custom_logo_max_height":0,"ocean_custom_logo_tablet_max_height":0,"ocean_custom_logo_mobile_max_height":0,"ocean_header_custom_menu":"","ocean_menu_typo_font_family":"","ocean_menu_typo_font_subset":"","ocean_menu_typo_font_size":0,"ocean_menu_typo_font_size_tablet":0,"ocean_menu_typo_font_size_mobile":0,"ocean_menu_typo_font_size_unit":"px","ocean_menu_typo_font_weight":"","ocean_menu_typo_font_weight_tablet":"","ocean_menu_typo_font_weight_mobile":"","ocean_menu_typo_transform":"","ocean_menu_typo_transform_tablet":"","ocean_menu_typo_transform_mobile":"","ocean_menu_typo_line_height":0,"ocean_menu_typo_line_height_tablet":0,"ocean_menu_typo_line_height_mobile":0,"ocean_menu_typo_line_height_unit":"","ocean_menu_typo_spacing":0,"ocean_menu_typo_spacing_tablet":0,"ocean_menu_typo_spacing_mobile":0,"ocean_menu_typo_spacing_unit":"","ocean_menu_link_color":"","ocean_menu_link_color_hover":"","ocean_menu_link_color_active":"","ocean_menu_link_background":"","ocean_menu_link_hover_background":"","ocean_menu_link_active_background":"","ocean_menu_social_links_bg":"","ocean_menu_social_hover_links_bg":"","ocean_menu_social_links_color":"","ocean_menu_social_hover_links_color":"","ocean_disable_title":"default","ocean_disable_heading":"default","ocean_post_title":"","ocean_post_subheading":"","ocean_post_title_style":"","ocean_post_title_background_color":"","ocean_post_title_background":0,"ocean_post_title_bg_image_position":"","ocean_post_title_bg_image_attachment":"","ocean_post_title_bg_image_repeat":"","ocean_post_title_bg_image_size":"","ocean_post_title_height":0,"ocean_post_title_bg_overlay":0.5,"ocean_post_title_bg_overlay_color":"","ocean_disable_breadcrumbs":"default","ocean_breadcrumbs_color":"","ocean_breadcrumbs_separator_color":"","ocean_breadcrumbs_links_color":"","ocean_breadcrumbs_links_hover_color":"","ocean_display_footer_widgets":"default","ocean_display_footer_bottom":"default","ocean_custom_footer_template":"","footnotes":""},"class_list":["post-57","page","type-page","status-publish","hentry","entry"],"_links":{"self":[{"href":"https:\/\/guidehpad.com\/index.php\/wp-json\/wp\/v2\/pages\/57","targetHints":{"allow":["GET"]}}],"collection":[{"href":"https:\/\/guidehpad.com\/index.php\/wp-json\/wp\/v2\/pages"}],"about":[{"href":"https:\/\/guidehpad.com\/index.php\/wp-json\/wp\/v2\/types\/page"}],"author":[{"embeddable":true,"href":"https:\/\/guidehpad.com\/index.php\/wp-json\/wp\/v2\/users\/2"}],"replies":[{"embeddable":true,"href":"https:\/\/guidehpad.com\/index.php\/wp-json\/wp\/v2\/comments?post=57"}],"version-history":[{"count":84,"href":"https:\/\/guidehpad.com\/index.php\/wp-json\/wp\/v2\/pages\/57\/revisions"}],"predecessor-version":[{"id":657,"href":"https:\/\/guidehpad.com\/index.php\/wp-json\/wp\/v2\/pages\/57\/revisions\/657"}],"up":[{"embeddable":true,"href":"https:\/\/guidehpad.com\/index.php\/wp-json\/wp\/v2\/pages\/7"}],"wp:attachment":[{"href":"https:\/\/guidehpad.com\/index.php\/wp-json\/wp\/v2\/media?parent=57"}],"curies":[{"name":"wp","href":"https:\/\/api.w.org\/{rel}","templated":true}]}}